{"id":2,"date":"2015-06-02T05:48:40","date_gmt":"2015-06-02T05:48:40","guid":{"rendered":"http:\/\/tt3.ch\/?page_id=2"},"modified":"2025-06-02T14:10:10","modified_gmt":"2025-06-02T14:10:10","slug":"perfos","status":"publish","type":"page","link":"https:\/\/tt3.ch\/index.php\/perfos\/","title":{"rendered":"Perfos"},"content":{"rendered":"\n<h2 class=\"wp-block-heading has-large-font-size\"><em><strong>Corps \u00e0 corps avec Shangai<\/strong><\/em><br>(Philippe Rahmy)<\/h2>\n\n\n\n<figure class=\"wp-block-image size-full\"><a href=\"https:\/\/tt3.ch\/wp-content\/uploads\/2022\/04\/A99BF2C1-B0DD-414D-A738-E2EFF053BB1D.jpeg\"><img loading=\"lazy\" decoding=\"async\" width=\"799\" height=\"317\" src=\"https:\/\/tt3.ch\/wp-content\/uploads\/2022\/04\/A99BF2C1-B0DD-414D-A738-E2EFF053BB1D.jpeg\" alt=\"\" class=\"wp-image-1221\" srcset=\"https:\/\/tt3.ch\/wp-content\/uploads\/2022\/04\/A99BF2C1-B0DD-414D-A738-E2EFF053BB1D.jpeg 799w, https:\/\/tt3.ch\/wp-content\/uploads\/2022\/04\/A99BF2C1-B0DD-414D-A738-E2EFF053BB1D-300x119.jpeg 300w, https:\/\/tt3.ch\/wp-content\/uploads\/2022\/04\/A99BF2C1-B0DD-414D-A738-E2EFF053BB1D-768x305.jpeg 768w, https:\/\/tt3.ch\/wp-content\/uploads\/2022\/04\/A99BF2C1-B0DD-414D-A738-E2EFF053BB1D-750x298.jpeg 750w\" sizes=\"auto, (max-width: 799px) 100vw, 799px\" \/><\/a><\/figure>\n\n\n\n<h4 class=\"wp-block-heading\"><strong>Lecture musicale tir\u00e9e de <em>B\u00e9ton arm\u00e9 <\/em>(\u00e9ditions de la Table Ronde)<\/strong> <strong>avec C\u00e9dric Leproust (jeu) et Marc Berman (composition)<\/strong>, <strong>Lou Lepori (dramaturgie)<\/strong><\/h4>\n\n\n\n<p>Une coproduction avec l&rsquo;<a rel=\"noreferrer noopener\" href=\"https:\/\/amis-de-philippe-rahmy.org\" target=\"_blank\">Association des ami.e.s de Philippe Rahmy<\/a><\/p>\n\n\n\n<p><a href=\"https:\/\/tt3.ch\/wp-content\/uploads\/2021\/11\/Flyer_Tourn\u00e9e_Rahmy.pdf\" target=\"_blank\" rel=\"noreferrer noopener\">D\u00e9tails de la tourn\u00e9e 2021-22 autour de Philippe Rahmy (\u00e0 l&rsquo;occasion de la remise du Grand Prix C.-F. Ramuz)<\/a><\/p>\n\n\n\n<p class=\"has-vivid-cyan-blue-color has-text-color\">&nbsp;<em>\u00ab Je vais vivre \u00e0 Shanghai aux frais de l\u2019\u00c9tat chinois qui invite chaque ann\u00e9e une dizaine d\u2019\u00e9crivains en r\u00e9sidence, et qui les exhibe durant deux mois comme les Romains faisaient d\u00e9filer les vaincus pour distraire le bon peuple de la Ville. Mais contrairement aux princes barbares auxquels on coupait la langue, il semble qu\u2019on voudra \u00e0 la fois nous montrer, et nous entendre. \u00bb<\/em><\/p>\n\n\n\n<p>Une plong\u00e9e sensorielle et vibrante dans la m\u00e9gapole chinoise. La confrontation entre un corps emp\u00each\u00e9 et une humanit\u00e9 fourmillante. Un voyage sonore port\u00e9 par la musique \u00e9lectronique de Marc Berman et la voix singuli\u00e8re de C\u00e9dric Leproust.<\/p>\n\n\n\n<figure class=\"wp-block-image size-large\"><a href=\"https:\/\/open.spotify.com\/episode\/53Eu0DF8zOa8Oy1NyNQiCx\" target=\"_blank\" rel=\"noopener noreferrer\"><img loading=\"lazy\" decoding=\"async\" width=\"1024\" height=\"354\" src=\"https:\/\/tt3.ch\/wp-content\/uploads\/2021\/11\/Schermata-2021-11-16-alle-11.19.14-1024x354.png\" alt=\"\" class=\"wp-image-1155\" srcset=\"https:\/\/tt3.ch\/wp-content\/uploads\/2021\/11\/Schermata-2021-11-16-alle-11.19.14-1024x354.png 1024w, https:\/\/tt3.ch\/wp-content\/uploads\/2021\/11\/Schermata-2021-11-16-alle-11.19.14-300x104.png 300w, https:\/\/tt3.ch\/wp-content\/uploads\/2021\/11\/Schermata-2021-11-16-alle-11.19.14-768x266.png 768w, https:\/\/tt3.ch\/wp-content\/uploads\/2021\/11\/Schermata-2021-11-16-alle-11.19.14-750x259.png 750w, https:\/\/tt3.ch\/wp-content\/uploads\/2021\/11\/Schermata-2021-11-16-alle-11.19.14.png 1324w\" sizes=\"auto, (max-width: 1024px) 100vw, 1024px\" \/><\/a><figcaption class=\"wp-element-caption\"><a rel=\"noreferrer noopener\" href=\"https:\/\/open.spotify.com\/episode\/53Eu0DF8zOa8Oy1NyNQiCx\" target=\"_blank\">Podcast Maison de la Litt\u00e9rature Rousseau (Gen\u00e8ve): lecture et rencontre avec Pascal Kramer<\/a><\/figcaption><\/figure>\n\n\n\n<h2 class=\"wp-block-heading\">Dates de tourn\u00e9e:<\/h2>\n\n\n\n<p><strong>2 juin 2021<\/strong>, Espace noir, <strong>Saint-Imier<\/strong>. <br><strong>15 juin 2021<\/strong>, <strong>\u00e0 19 heures <\/strong>Maison de la Litt \u00e9rature, <strong>Gen\u00e8ve<\/strong>. <br><strong>28 juin 2021<\/strong>, Les Lundis des Mots, Clo\u00eetre de la Coll\u00e9giale, <strong>Neuch\u00e2tel<\/strong>. <br><strong>15 septembre 2021<\/strong>, Bibliom\u00e9dia, <strong>Lausanne<\/strong>. <br><strong>1er octobre 2021<\/strong>,Festival Textures, <strong>Fribourg<\/strong>. <br><strong>2 octobre 2021<\/strong>, Commune, <strong>Cran-sur-C\u00e9ligny<\/strong>.<br><strong>26 avril 2022<\/strong>, Le Cabaret litt \u00e9raire au Th\u00e9\u00e2tre 2.21, <strong>Lausanne<\/strong>.<\/p>\n\n\n\n<hr class=\"wp-block-separator has-css-opacity\"\/>\n\n\n\n<h1 class=\"wp-block-heading\"><em><strong>Tarte \u00e0 la cr\u00e8me<\/strong><\/em><strong> (2019)<\/strong><\/h1>\n\n\n\n<figure class=\"wp-block-embed is-type-video is-provider-vimeo wp-block-embed-vimeo wp-embed-aspect-16-9 wp-has-aspect-ratio\"><div class=\"wp-block-embed__wrapper\">\n<iframe loading=\"lazy\" title=\"Tarte \u00e0 la cr\u00e8me, Lou Lepori\" src=\"https:\/\/player.vimeo.com\/video\/380093510?dnt=1&amp;app_id=122963\" width=\"1040\" height=\"585\" frameborder=\"0\" allow=\"autoplay; fullscreen; picture-in-picture; clipboard-write; encrypted-media\"><\/iframe>\n<\/div><figcaption class=\"wp-element-caption\"><a href=\"http:\/\/arsenic.statslive.info\/c\/1787219587\/eyJpdiI6IllZXC9oT2hiaFwvOFNVYXBRdFJKTzJRWmFsWVhIWndGc2tEYmhic0t6TGdtUT0iLCJ2YWx1ZSI6Ikh5anFNVkxRK1wvR00wQWNhT0Y2elFKeDFweWF5bE5EREtyOFpiYUJyZE1zPSIsIm1hYyI6IjhjZGMxMzIwNmViMjJkZmI4Yjg1NGEzZWJkODQ2MjEyMWI2NjExODExMzIyYTdjMWU2MzRkNGFhNTllZDY5ZTMifQ==\"><em>Salon international de la mise en sc\u00e8ne<\/em><\/a> (Arsenic, Lausanne)<\/figcaption><\/figure>\n\n\n\n<h5 class=\"wp-block-heading\"><strong>Salon international de la mise en sc\u00e8ne<\/strong>, \u00e0 l\u2019Arsenic (Lausanne), <strong>dimanche 15 d\u00e9cembre<\/strong>, de 14h \u00e0 18h. <strong>Tome Trois Th\u00e9\u00e2tre&nbsp;<\/strong>y a expos\u00e9 son projet <strong><em>Tarte \u00e0 la cr\u00e8me<\/em><\/strong>, un pi\u00e8ce pour les aveugles.<\/h5>\n\n\n\n<p><strong>Exposant\u00b7e\u00b7s:<\/strong> Lionel Baier, Maud Blandel, Yan Duyvendak, Christophe Jaquet, Sylvie Kleiber, Lou Lepori, Audrey Liebot, Nicolas Maury, Nina Negri, Jean-Daniel Piguet, No\u00eblle Renaude, Francois-Xavier Rouyer, Adina Secretan, Cl\u00e9ment Schneider, Christian Geoffroy Schlittler, Lo\u00efc Touz\u00e9, Margot Van Hove, Zlatoff Nicolas.<\/p>\n\n\n\n<hr class=\"wp-block-separator has-css-opacity\"\/>\n\n\n\n<h1 class=\"wp-block-heading\"><strong><em>Quasi amore<\/em> (2018)<\/strong><\/h1>\n\n\n\n<figure class=\"wp-block-image size-large\"><img loading=\"lazy\" decoding=\"async\" width=\"860\" height=\"479\" src=\"https:\/\/tt3.ch\/wp-content\/uploads\/2018\/10\/QA1.png\" alt=\"\" class=\"wp-image-659\" srcset=\"https:\/\/tt3.ch\/wp-content\/uploads\/2018\/10\/QA1.png 860w, https:\/\/tt3.ch\/wp-content\/uploads\/2018\/10\/QA1-300x167.png 300w, https:\/\/tt3.ch\/wp-content\/uploads\/2018\/10\/QA1-768x428.png 768w, https:\/\/tt3.ch\/wp-content\/uploads\/2018\/10\/QA1-370x206.png 370w\" sizes=\"auto, (max-width: 860px) 100vw, 860px\" \/><\/figure>\n\n\n\n<h4 class=\"wp-block-heading\">6 vid\u00e9opo\u00e8mes (54&prime;)<br>Coproduction: Festival Po\u00e9sie en Ville<br>Gen\u00e8ve, Cabines des Bains des P\u00e2quis,<br>27-30 septembre 2018.<\/h4>\n\n\n\n<p>Avec la suite po\u00e9tique&nbsp;<em>Quasi amore&nbsp;<\/em>(parue aux \u00c9ditions Sottoscala de Bellinzone), Lou Lepori aborde avec d\u00e9licatesse la po\u00e9sie d\u2019amour.&nbsp;Habitu\u00e9 des planches th\u00e9\u00e2trales et du monde radiophonique, il a cr\u00e9\u00e9 pour le festival Po\u00e9sie en ville une s\u00e9rie de vid\u00e9os, qui essaient de redonner une r\u00e9alit\u00e9 tactile \u2013 par superposition de couches visuelles et sonores \u2013 \u00e0 ces vers elliptiques et doux-amers. &nbsp;Quinze s\u00e9quences intimistes, sous-titr\u00e9es en fran\u00e7ais, \u00e0 d\u00e9couvrir dans les cabines des Bains des P\u00e2quis de Gen\u00e8ve (<a href=\"http:\/\/www.ville-ge.ch\/culture\/poesie\/\">http:\/\/www.ville-ge.ch\/culture\/poesie\/<\/a>)<\/p>\n\n\n\n<p><a href=\"https:\/\/tt3.ch\/index.php\/perfos\/quasiamore\/\">Projet \u00ab\u00a0Quasi amore\u00a0\u00bb<\/a><\/p>\n\n\n\n<p><a href=\"https:\/\/tt3.ch\/index.php\/perfos\/quasiamore\/quasi-amore-espace-reserve\/\">Vid\u00e9o complets<\/a><\/p>\n\n\n\n<hr class=\"wp-block-separator has-css-opacity\"\/>\n\n\n\n<h1 class=\"wp-block-heading\"><strong><span><i style=\"font-weight: bold;\">Nuit <\/i><i>d&rsquo;enfanc<\/i><\/span>e (2015)<\/strong><\/h1>\n\n\n\n<div class=\"wp-block-media-text alignwide is-stacked-on-mobile\"><figure class=\"wp-block-media-text__media\"><img loading=\"lazy\" decoding=\"async\" width=\"300\" height=\"300\" src=\"https:\/\/tt3.ch\/wp-content\/uploads\/2015\/06\/cran.png\" alt=\"\" class=\"wp-image-229 size-full\" srcset=\"https:\/\/tt3.ch\/wp-content\/uploads\/2015\/06\/cran.png 300w, https:\/\/tt3.ch\/wp-content\/uploads\/2015\/06\/cran-150x150.png 150w\" sizes=\"auto, (max-width: 300px) 100vw, 300px\" \/><\/figure><div class=\"wp-block-media-text__content\">\n<h5 class=\"wp-block-heading\">Cin\u00e9ma Bellvaux, Cran litt\u00e9raire, 25 d\u00e9cembre 2015<\/h5>\n\n\n\n<p style=\"font-size:14px\">\u00ab<em>Quand Silk vient au monde, c\u2019est-\u00e0-dire que le monde existe d\u00e9j\u00e0, charg\u00e9 de ce qu\u2019il dira de lui, de ce qu\u2019il voudra qu\u2019il soit. Quand Silk vient au monde, pas de f\u00e9es sur son berceau, il est tout noir et rabougri, il ne pleure m\u00eame pas<\/em>\u00bb. \u00c0 travers une libre adaptation visuelle de films&nbsp;super8 des ann\u00e9es soixante-dix et une bande-son originale, cette performance se construit autour de deux textes in\u00e9dits: <em>Silk<\/em>&nbsp;<em>0-13<\/em>, r\u00e9cit cruel d\u2019une enfance meurtrie, et <em>Dies irae<\/em>, suite po\u00e9tique sur les trous de m\u00e9moire familiaux.<\/p>\n<\/div><\/div>\n\n\n\n<hr class=\"wp-block-separator has-css-opacity\"\/>\n\n\n\n<h2 class=\"wp-block-heading has-large-font-size\"><strong><em>Quel que soit le nom <\/em>(2014)<\/strong><\/h2>\n\n\n\n<div class=\"wp-block-media-text alignwide is-stacked-on-mobile\"><figure class=\"wp-block-media-text__media\"><img loading=\"lazy\" decoding=\"async\" width=\"201\" height=\"300\" src=\"https:\/\/tt3.ch\/wp-content\/uploads\/2015\/06\/poesie-en-ville-2014-4-ville-geneve-201x300.jpg\" alt=\"\" class=\"wp-image-24 size-full\"\/><\/figure><div class=\"wp-block-media-text__content\">\n<p><em>Performance vid\u00e9o \u2013 Lou Lepori \u00ab<\/em><a href=\"http:\/\/pierrelepori.com\/poiesi\/qualunque\/quel-que-soit-le-nom\/\"><em>Quel que soit le nom<\/em><\/a><em>\u00bb.<\/em><\/p>\n\n\n\n<p>Un voyage dans le non-dit des g\u00e9n\u00e9rations et des lieux, \u00e0 la lisi\u00e8re entre les langues et les formes d\u2019expression.<\/p>\n\n\n\n<p>Traduction fran\u00e7aise de Mathilde Vischer (Editions d\u2019en bas). Avec les voix <strong><em>d\u2019\u00c9milie Blaser<\/em><\/strong><em> et de <\/em><strong><em>Monique Laederach<\/em><\/strong><em>.<\/em><\/p>\n\n\n\n<p><a rel=\"noreferrer noopener\" href=\"http:\/\/www.ville-geneve.ch\/themes\/culture\/manifestations-evenements\/poesie-ville-2014\/programme-2014\/samedi-4-octobre\/\" target=\"_blank\">Gen\u00e8ve, 4 octobre 2014, Festival Po\u00e9sie en ville<\/a><\/p>\n<\/div><\/div>\n","protected":false},"excerpt":{"rendered":"<p>Corps \u00e0 corps avec Shangai(Philippe Rahmy) Lecture musicale tir\u00e9e de B\u00e9ton arm\u00e9 (\u00e9ditions de la Table Ronde) avec C\u00e9dric Leproust (jeu) et Marc Berman (composition), Lou Lepori (dramaturgie) Une coproduction avec l&rsquo;Association des ami.e.s de Philippe Rahmy D\u00e9tails de la tourn\u00e9e 2021-22 autour de Philippe Rahmy (\u00e0 l&rsquo;occasion de la remise du Grand Prix C.-F.&hellip;<a href=\"https:\/\/tt3.ch\/index.php\/perfos\/\" class=\"more-link\">Continue reading <span class=\"screen-reader-text\">Perfos<\/span><\/a><\/p>\n","protected":false},"author":1,"featured_media":0,"parent":0,"menu_order":4,"comment_status":"open","ping_status":"open","template":"","meta":{"footnotes":""},"class_list":["post-2","page","type-page","status-publish","hentry"],"_links":{"self":[{"href":"https:\/\/tt3.ch\/index.php\/wp-json\/wp\/v2\/pages\/2","targetHints":{"allow":["GET"]}}],"collection":[{"href":"https:\/\/tt3.ch\/index.php\/wp-json\/wp\/v2\/pages"}],"about":[{"href":"https:\/\/tt3.ch\/index.php\/wp-json\/wp\/v2\/types\/page"}],"author":[{"embeddable":true,"href":"https:\/\/tt3.ch\/index.php\/wp-json\/wp\/v2\/users\/1"}],"replies":[{"embeddable":true,"href":"https:\/\/tt3.ch\/index.php\/wp-json\/wp\/v2\/comments?post=2"}],"version-history":[{"count":37,"href":"https:\/\/tt3.ch\/index.php\/wp-json\/wp\/v2\/pages\/2\/revisions"}],"predecessor-version":[{"id":1316,"href":"https:\/\/tt3.ch\/index.php\/wp-json\/wp\/v2\/pages\/2\/revisions\/1316"}],"wp:attachment":[{"href":"https:\/\/tt3.ch\/index.php\/wp-json\/wp\/v2\/media?parent=2"}],"curies":[{"name":"wp","href":"https:\/\/api.w.org\/{rel}","templated":true}]}}