{"id":88,"date":"2015-07-25T16:23:48","date_gmt":"2015-07-25T16:23:48","guid":{"rendered":"http:\/\/tt3.ch\/?page_id=88"},"modified":"2025-06-02T15:19:58","modified_gmt":"2025-06-02T15:19:58","slug":"photos","status":"publish","type":"page","link":"https:\/\/tt3.ch\/index.php\/theatre\/photos\/","title":{"rendered":"Photos (Sans peau)"},"content":{"rendered":"\n<p><span style=\"color: #ff0000;\"><em>Sans peau<\/em> <\/span>au Th\u00e9\u00e2tre 2.21 de Lausanne (29.3-3.4 2016)<\/p>\n\n\n\n<p>Photos: Matthieu Gafsou<br>Avec: Pierre-Antoine Dubey, Jean-Luc Borgeat<\/p>\n\n\n\n<figure class=\"wp-block-gallery has-nested-images columns-default is-cropped wp-block-gallery-1 is-layout-flex wp-block-gallery-is-layout-flex\">\n<figure class=\"wp-block-image size-large\"><a href=\"https:\/\/tt3.ch\/wp-content\/uploads\/2015\/07\/cropped-IMG02791.jpg\"><img loading=\"lazy\" decoding=\"async\" width=\"1024\" height=\"530\" data-id=\"367\" src=\"https:\/\/tt3.ch\/wp-content\/uploads\/2015\/07\/cropped-IMG02791-1024x530.jpg\" alt=\"\" class=\"wp-image-367\" srcset=\"https:\/\/tt3.ch\/wp-content\/uploads\/2015\/07\/cropped-IMG02791-1024x530.jpg 1024w, https:\/\/tt3.ch\/wp-content\/uploads\/2015\/07\/cropped-IMG02791-300x155.jpg 300w, https:\/\/tt3.ch\/wp-content\/uploads\/2015\/07\/cropped-IMG02791-768x398.jpg 768w, https:\/\/tt3.ch\/wp-content\/uploads\/2015\/07\/cropped-IMG02791.jpg 1500w\" sizes=\"auto, (max-width: 1024px) 100vw, 1024px\" \/><\/a><\/figure>\n\n\n\n<figure class=\"wp-block-image size-large\"><a href=\"https:\/\/tt3.ch\/wp-content\/uploads\/2015\/07\/IMG02791.jpg\"><img loading=\"lazy\" decoding=\"async\" width=\"1024\" height=\"768\" data-id=\"323\" src=\"https:\/\/tt3.ch\/wp-content\/uploads\/2015\/07\/IMG02791-1024x768.jpg\" alt=\"\" class=\"wp-image-323\" srcset=\"https:\/\/tt3.ch\/wp-content\/uploads\/2015\/07\/IMG02791-1024x768.jpg 1024w, https:\/\/tt3.ch\/wp-content\/uploads\/2015\/07\/IMG02791-300x225.jpg 300w, https:\/\/tt3.ch\/wp-content\/uploads\/2015\/07\/IMG02791-720x540.jpg 720w, https:\/\/tt3.ch\/wp-content\/uploads\/2015\/07\/IMG02791-1040x780.jpg 1040w, https:\/\/tt3.ch\/wp-content\/uploads\/2015\/07\/IMG02791.jpg 2000w\" sizes=\"auto, (max-width: 1024px) 100vw, 1024px\" \/><\/a><\/figure>\n\n\n\n<figure class=\"wp-block-image size-large\"><a href=\"https:\/\/tt3.ch\/wp-content\/uploads\/2015\/07\/IMG0273.jpg\"><img loading=\"lazy\" decoding=\"async\" width=\"1024\" height=\"768\" data-id=\"320\" src=\"https:\/\/tt3.ch\/wp-content\/uploads\/2015\/07\/IMG0273-1024x768.jpg\" alt=\"\" class=\"wp-image-320\" srcset=\"https:\/\/tt3.ch\/wp-content\/uploads\/2015\/07\/IMG0273-1024x768.jpg 1024w, https:\/\/tt3.ch\/wp-content\/uploads\/2015\/07\/IMG0273-300x225.jpg 300w, https:\/\/tt3.ch\/wp-content\/uploads\/2015\/07\/IMG0273-720x540.jpg 720w, https:\/\/tt3.ch\/wp-content\/uploads\/2015\/07\/IMG0273-1040x780.jpg 1040w, https:\/\/tt3.ch\/wp-content\/uploads\/2015\/07\/IMG0273.jpg 2000w\" sizes=\"auto, (max-width: 1024px) 100vw, 1024px\" \/><\/a><\/figure>\n\n\n\n<figure class=\"wp-block-image size-large\"><a href=\"https:\/\/tt3.ch\/wp-content\/uploads\/2015\/07\/IMG0257.jpg\"><img loading=\"lazy\" decoding=\"async\" width=\"1024\" height=\"768\" data-id=\"319\" src=\"https:\/\/tt3.ch\/wp-content\/uploads\/2015\/07\/IMG0257-1024x768.jpg\" alt=\"\" class=\"wp-image-319\" srcset=\"https:\/\/tt3.ch\/wp-content\/uploads\/2015\/07\/IMG0257-1024x768.jpg 1024w, https:\/\/tt3.ch\/wp-content\/uploads\/2015\/07\/IMG0257-300x225.jpg 300w, https:\/\/tt3.ch\/wp-content\/uploads\/2015\/07\/IMG0257-720x540.jpg 720w, https:\/\/tt3.ch\/wp-content\/uploads\/2015\/07\/IMG0257-1040x780.jpg 1040w, https:\/\/tt3.ch\/wp-content\/uploads\/2015\/07\/IMG0257.jpg 2000w\" sizes=\"auto, (max-width: 1024px) 100vw, 1024px\" \/><\/a><\/figure>\n\n\n\n<figure class=\"wp-block-image size-large\"><a href=\"https:\/\/tt3.ch\/wp-content\/uploads\/2015\/07\/IMG0253.jpg\"><img loading=\"lazy\" decoding=\"async\" width=\"1024\" height=\"768\" data-id=\"318\" src=\"https:\/\/tt3.ch\/wp-content\/uploads\/2015\/07\/IMG0253-1024x768.jpg\" alt=\"\" class=\"wp-image-318\" srcset=\"https:\/\/tt3.ch\/wp-content\/uploads\/2015\/07\/IMG0253-1024x768.jpg 1024w, https:\/\/tt3.ch\/wp-content\/uploads\/2015\/07\/IMG0253-300x225.jpg 300w, https:\/\/tt3.ch\/wp-content\/uploads\/2015\/07\/IMG0253-720x540.jpg 720w, https:\/\/tt3.ch\/wp-content\/uploads\/2015\/07\/IMG0253-1040x780.jpg 1040w, https:\/\/tt3.ch\/wp-content\/uploads\/2015\/07\/IMG0253.jpg 2000w\" sizes=\"auto, (max-width: 1024px) 100vw, 1024px\" \/><\/a><\/figure>\n\n\n\n<figure class=\"wp-block-image size-large\"><a href=\"https:\/\/tt3.ch\/wp-content\/uploads\/2015\/07\/IMG0234.jpg\"><img loading=\"lazy\" decoding=\"async\" width=\"1024\" height=\"768\" data-id=\"317\" src=\"https:\/\/tt3.ch\/wp-content\/uploads\/2015\/07\/IMG0234-1024x768.jpg\" alt=\"\" class=\"wp-image-317\" srcset=\"https:\/\/tt3.ch\/wp-content\/uploads\/2015\/07\/IMG0234-1024x768.jpg 1024w, https:\/\/tt3.ch\/wp-content\/uploads\/2015\/07\/IMG0234-300x225.jpg 300w, https:\/\/tt3.ch\/wp-content\/uploads\/2015\/07\/IMG0234-720x540.jpg 720w, https:\/\/tt3.ch\/wp-content\/uploads\/2015\/07\/IMG0234-1040x780.jpg 1040w, https:\/\/tt3.ch\/wp-content\/uploads\/2015\/07\/IMG0234.jpg 2000w\" sizes=\"auto, (max-width: 1024px) 100vw, 1024px\" \/><\/a><\/figure>\n\n\n\n<figure class=\"wp-block-image size-large\"><a href=\"https:\/\/tt3.ch\/wp-content\/uploads\/2015\/07\/IMG0222.jpg\"><img loading=\"lazy\" decoding=\"async\" width=\"1024\" height=\"768\" data-id=\"316\" src=\"https:\/\/tt3.ch\/wp-content\/uploads\/2015\/07\/IMG0222-1024x768.jpg\" alt=\"\" class=\"wp-image-316\" srcset=\"https:\/\/tt3.ch\/wp-content\/uploads\/2015\/07\/IMG0222-1024x768.jpg 1024w, https:\/\/tt3.ch\/wp-content\/uploads\/2015\/07\/IMG0222-300x225.jpg 300w, https:\/\/tt3.ch\/wp-content\/uploads\/2015\/07\/IMG0222-720x540.jpg 720w, https:\/\/tt3.ch\/wp-content\/uploads\/2015\/07\/IMG0222-1040x780.jpg 1040w, https:\/\/tt3.ch\/wp-content\/uploads\/2015\/07\/IMG0222.jpg 2000w\" sizes=\"auto, (max-width: 1024px) 100vw, 1024px\" \/><\/a><\/figure>\n\n\n\n<figure class=\"wp-block-image size-large\"><a href=\"https:\/\/tt3.ch\/wp-content\/uploads\/2015\/07\/IMG0216.jpg\"><img loading=\"lazy\" decoding=\"async\" width=\"768\" height=\"1024\" data-id=\"315\" src=\"https:\/\/tt3.ch\/wp-content\/uploads\/2015\/07\/IMG0216-768x1024.jpg\" alt=\"\" class=\"wp-image-315\" srcset=\"https:\/\/tt3.ch\/wp-content\/uploads\/2015\/07\/IMG0216-768x1024.jpg 768w, https:\/\/tt3.ch\/wp-content\/uploads\/2015\/07\/IMG0216-225x300.jpg 225w, https:\/\/tt3.ch\/wp-content\/uploads\/2015\/07\/IMG0216-720x960.jpg 720w, https:\/\/tt3.ch\/wp-content\/uploads\/2015\/07\/IMG0216-1040x1387.jpg 1040w, https:\/\/tt3.ch\/wp-content\/uploads\/2015\/07\/IMG0216.jpg 2000w\" sizes=\"auto, (max-width: 768px) 100vw, 768px\" \/><\/a><\/figure>\n\n\n\n<figure class=\"wp-block-image size-large\"><a href=\"https:\/\/tt3.ch\/wp-content\/uploads\/2015\/07\/IMG0200.jpg\"><img loading=\"lazy\" decoding=\"async\" width=\"768\" height=\"1024\" data-id=\"313\" src=\"https:\/\/tt3.ch\/wp-content\/uploads\/2015\/07\/IMG0200-768x1024.jpg\" alt=\"\" class=\"wp-image-313\" srcset=\"https:\/\/tt3.ch\/wp-content\/uploads\/2015\/07\/IMG0200-768x1024.jpg 768w, https:\/\/tt3.ch\/wp-content\/uploads\/2015\/07\/IMG0200-225x300.jpg 225w, https:\/\/tt3.ch\/wp-content\/uploads\/2015\/07\/IMG0200-720x960.jpg 720w, https:\/\/tt3.ch\/wp-content\/uploads\/2015\/07\/IMG0200-1040x1387.jpg 1040w, https:\/\/tt3.ch\/wp-content\/uploads\/2015\/07\/IMG0200.jpg 2000w\" sizes=\"auto, (max-width: 768px) 100vw, 768px\" \/><\/a><\/figure>\n\n\n\n<figure class=\"wp-block-image size-large\"><a href=\"https:\/\/tt3.ch\/wp-content\/uploads\/2015\/07\/IMG0184.jpg\"><img loading=\"lazy\" decoding=\"async\" width=\"1024\" height=\"768\" data-id=\"312\" src=\"https:\/\/tt3.ch\/wp-content\/uploads\/2015\/07\/IMG0184-1024x768.jpg\" alt=\"\" class=\"wp-image-312\" srcset=\"https:\/\/tt3.ch\/wp-content\/uploads\/2015\/07\/IMG0184-1024x768.jpg 1024w, https:\/\/tt3.ch\/wp-content\/uploads\/2015\/07\/IMG0184-300x225.jpg 300w, https:\/\/tt3.ch\/wp-content\/uploads\/2015\/07\/IMG0184-720x540.jpg 720w, https:\/\/tt3.ch\/wp-content\/uploads\/2015\/07\/IMG0184-1040x780.jpg 1040w, https:\/\/tt3.ch\/wp-content\/uploads\/2015\/07\/IMG0184.jpg 2000w\" sizes=\"auto, (max-width: 1024px) 100vw, 1024px\" \/><\/a><\/figure>\n\n\n\n<figure class=\"wp-block-image size-large\"><a href=\"https:\/\/tt3.ch\/wp-content\/uploads\/2015\/07\/IMG0160.jpg\"><img loading=\"lazy\" decoding=\"async\" width=\"1024\" height=\"768\" data-id=\"311\" src=\"https:\/\/tt3.ch\/wp-content\/uploads\/2015\/07\/IMG0160-1024x768.jpg\" alt=\"\" class=\"wp-image-311\" srcset=\"https:\/\/tt3.ch\/wp-content\/uploads\/2015\/07\/IMG0160-1024x768.jpg 1024w, https:\/\/tt3.ch\/wp-content\/uploads\/2015\/07\/IMG0160-300x225.jpg 300w, https:\/\/tt3.ch\/wp-content\/uploads\/2015\/07\/IMG0160-720x540.jpg 720w, https:\/\/tt3.ch\/wp-content\/uploads\/2015\/07\/IMG0160-1040x780.jpg 1040w, https:\/\/tt3.ch\/wp-content\/uploads\/2015\/07\/IMG0160.jpg 2000w\" sizes=\"auto, (max-width: 1024px) 100vw, 1024px\" \/><\/a><\/figure>\n\n\n\n<figure class=\"wp-block-image size-large\"><a href=\"https:\/\/tt3.ch\/wp-content\/uploads\/2015\/07\/IMG0153.jpg\"><img loading=\"lazy\" decoding=\"async\" width=\"1024\" height=\"768\" data-id=\"310\" src=\"https:\/\/tt3.ch\/wp-content\/uploads\/2015\/07\/IMG0153-1024x768.jpg\" alt=\"\" class=\"wp-image-310\" srcset=\"https:\/\/tt3.ch\/wp-content\/uploads\/2015\/07\/IMG0153-1024x768.jpg 1024w, https:\/\/tt3.ch\/wp-content\/uploads\/2015\/07\/IMG0153-300x225.jpg 300w, https:\/\/tt3.ch\/wp-content\/uploads\/2015\/07\/IMG0153-720x540.jpg 720w, https:\/\/tt3.ch\/wp-content\/uploads\/2015\/07\/IMG0153-1040x780.jpg 1040w, https:\/\/tt3.ch\/wp-content\/uploads\/2015\/07\/IMG0153.jpg 2000w\" sizes=\"auto, (max-width: 1024px) 100vw, 1024px\" \/><\/a><\/figure>\n\n\n\n<figure class=\"wp-block-image size-large\"><a href=\"https:\/\/tt3.ch\/wp-content\/uploads\/2015\/07\/IMG0141.jpg\"><img loading=\"lazy\" decoding=\"async\" width=\"1024\" height=\"768\" data-id=\"309\" src=\"https:\/\/tt3.ch\/wp-content\/uploads\/2015\/07\/IMG0141-1024x768.jpg\" alt=\"\" class=\"wp-image-309\" srcset=\"https:\/\/tt3.ch\/wp-content\/uploads\/2015\/07\/IMG0141-1024x768.jpg 1024w, https:\/\/tt3.ch\/wp-content\/uploads\/2015\/07\/IMG0141-300x225.jpg 300w, https:\/\/tt3.ch\/wp-content\/uploads\/2015\/07\/IMG0141-720x540.jpg 720w, https:\/\/tt3.ch\/wp-content\/uploads\/2015\/07\/IMG0141-1040x780.jpg 1040w, https:\/\/tt3.ch\/wp-content\/uploads\/2015\/07\/IMG0141.jpg 2000w\" sizes=\"auto, (max-width: 1024px) 100vw, 1024px\" \/><\/a><\/figure>\n<\/figure>\n\n\n\n<p>Tous droits r\u00e9serv\u00e9s, <strong>(c) Matthieu Gafsou<\/strong>, <a href=\"http:\/\/www.gafsou.ch\" target=\"_blank\" rel=\"noopener\">www.gafsou.ch<\/a><\/p>\n","protected":false},"excerpt":{"rendered":"<p>Sans peau au Th\u00e9\u00e2tre 2.21 de Lausanne (29.3-3.4 2016) Photos: Matthieu GafsouAvec: Pierre-Antoine Dubey, Jean-Luc Borgeat Tous droits r\u00e9serv\u00e9s, (c) Matthieu Gafsou, www.gafsou.ch<\/p>\n","protected":false},"author":1,"featured_media":0,"parent":38,"menu_order":1,"comment_status":"open","ping_status":"open","template":"","meta":{"footnotes":""},"class_list":["post-88","page","type-page","status-publish","hentry"],"_links":{"self":[{"href":"https:\/\/tt3.ch\/index.php\/wp-json\/wp\/v2\/pages\/88","targetHints":{"allow":["GET"]}}],"collection":[{"href":"https:\/\/tt3.ch\/index.php\/wp-json\/wp\/v2\/pages"}],"about":[{"href":"https:\/\/tt3.ch\/index.php\/wp-json\/wp\/v2\/types\/page"}],"author":[{"embeddable":true,"href":"https:\/\/tt3.ch\/index.php\/wp-json\/wp\/v2\/users\/1"}],"replies":[{"embeddable":true,"href":"https:\/\/tt3.ch\/index.php\/wp-json\/wp\/v2\/comments?post=88"}],"version-history":[{"count":48,"href":"https:\/\/tt3.ch\/index.php\/wp-json\/wp\/v2\/pages\/88\/revisions"}],"predecessor-version":[{"id":1327,"href":"https:\/\/tt3.ch\/index.php\/wp-json\/wp\/v2\/pages\/88\/revisions\/1327"}],"up":[{"embeddable":true,"href":"https:\/\/tt3.ch\/index.php\/wp-json\/wp\/v2\/pages\/38"}],"wp:attachment":[{"href":"https:\/\/tt3.ch\/index.php\/wp-json\/wp\/v2\/media?parent=88"}],"curies":[{"name":"wp","href":"https:\/\/api.w.org\/{rel}","templated":true}]}}